{"id":1281,"date":"2021-10-04T17:32:48","date_gmt":"2021-10-04T15:32:48","guid":{"rendered":"https:\/\/www.theloveinyou.com\/poems\/"},"modified":"2025-01-03T13:52:02","modified_gmt":"2025-01-03T11:52:02","slug":"poems","status":"publish","type":"page","link":"https:\/\/www.theloveinyou.com\/de\/poems\/","title":{"rendered":"POEMS"},"content":{"rendered":"\t\t<div data-elementor-type=\"wp-page\" data-elementor-id=\"1281\" class=\"elementor elementor-1281 elementor-24\">\n\t\t\t\t\t\t\t\t\t<section class=\"elementor-section elementor-top-section elementor-element elementor-element-709c896 elementor-section-full_width elementor-section-height-default elementor-section-height-default\" data-id=\"709c896\" data-element_type=\"section\">\n\t\t\t\t\t\t<div class=\"elementor-container elementor-column-gap-wider\">\n\t\t\t\t\t<div class=\"elementor-column elementor-col-100 elementor-top-column elementor-element elementor-element-7f58aa8\" data-id=\"7f58aa8\" data-element_type=\"column\">\n\t\t\t<div class=\"elementor-widget-wrap elementor-element-populated\">\n\t\t\t\t\t\t\t\t<div class=\"elementor-element elementor-element-cd397a4 elementor-tabs-view-vertical elementor-widget elementor-widget-tabs\" data-id=\"cd397a4\" data-element_type=\"widget\" data-widget_type=\"tabs.default\">\n\t\t\t\t<div class=\"elementor-widget-container\">\n\t\t\t<style>\/*! elementor - v3.14.0 - 26-06-2023 *\/\n.elementor-widget-tabs.elementor-tabs-view-vertical .elementor-tabs-wrapper{width:25%;flex-shrink:0}.elementor-widget-tabs.elementor-tabs-view-vertical .elementor-tab-desktop-title.elementor-active{border-right-style:none}.elementor-widget-tabs.elementor-tabs-view-vertical .elementor-tab-desktop-title.elementor-active:after,.elementor-widget-tabs.elementor-tabs-view-vertical .elementor-tab-desktop-title.elementor-active:before{height:999em;width:0;right:0;border-right-style:solid}.elementor-widget-tabs.elementor-tabs-view-vertical .elementor-tab-desktop-title.elementor-active:before{top:0;transform:translateY(-100%)}.elementor-widget-tabs.elementor-tabs-view-vertical .elementor-tab-desktop-title.elementor-active:after{top:100%}.elementor-widget-tabs.elementor-tabs-view-horizontal .elementor-tab-desktop-title{display:table-cell}.elementor-widget-tabs.elementor-tabs-view-horizontal .elementor-tab-desktop-title.elementor-active{border-bottom-style:none}.elementor-widget-tabs.elementor-tabs-view-horizontal .elementor-tab-desktop-title.elementor-active:after,.elementor-widget-tabs.elementor-tabs-view-horizontal .elementor-tab-desktop-title.elementor-active:before{bottom:0;height:0;width:999em;border-bottom-style:solid}.elementor-widget-tabs.elementor-tabs-view-horizontal .elementor-tab-desktop-title.elementor-active:before{right:100%}.elementor-widget-tabs.elementor-tabs-view-horizontal .elementor-tab-desktop-title.elementor-active:after{left:100%}.elementor-widget-tabs .elementor-tab-content,.elementor-widget-tabs .elementor-tab-title,.elementor-widget-tabs .elementor-tab-title:after,.elementor-widget-tabs .elementor-tab-title:before,.elementor-widget-tabs .elementor-tabs-content-wrapper{border:1px #d5d8dc}.elementor-widget-tabs .elementor-tabs{text-align:left}.elementor-widget-tabs .elementor-tabs-wrapper{overflow:hidden}.elementor-widget-tabs .elementor-tab-title{cursor:pointer;outline:var(--focus-outline,none)}.elementor-widget-tabs .elementor-tab-desktop-title{position:relative;padding:20px 25px;font-weight:700;line-height:1;border:solid transparent}.elementor-widget-tabs .elementor-tab-desktop-title.elementor-active{border-color:#d5d8dc}.elementor-widget-tabs .elementor-tab-desktop-title.elementor-active:after,.elementor-widget-tabs .elementor-tab-desktop-title.elementor-active:before{display:block;content:\"\";position:absolute}.elementor-widget-tabs .elementor-tab-desktop-title:focus-visible{border:1px solid #000}.elementor-widget-tabs .elementor-tab-mobile-title{padding:10px;cursor:pointer}.elementor-widget-tabs .elementor-tab-content{padding:20px;display:none}@media (max-width:767px){.elementor-tabs .elementor-tab-content,.elementor-tabs .elementor-tab-title{border-style:solid solid none}.elementor-tabs .elementor-tabs-wrapper{display:none}.elementor-tabs .elementor-tabs-content-wrapper{border-bottom-style:solid}.elementor-tabs .elementor-tab-content{padding:10px}}@media (min-width:768px){.elementor-widget-tabs.elementor-tabs-view-vertical .elementor-tabs{display:flex}.elementor-widget-tabs.elementor-tabs-view-vertical .elementor-tabs-wrapper{flex-direction:column}.elementor-widget-tabs.elementor-tabs-view-vertical .elementor-tabs-content-wrapper{flex-grow:1;border-style:solid solid solid none}.elementor-widget-tabs.elementor-tabs-view-horizontal .elementor-tab-content{border-style:none solid solid}.elementor-widget-tabs.elementor-tabs-alignment-center .elementor-tabs-wrapper,.elementor-widget-tabs.elementor-tabs-alignment-end .elementor-tabs-wrapper,.elementor-widget-tabs.elementor-tabs-alignment-stretch .elementor-tabs-wrapper{display:flex}.elementor-widget-tabs.elementor-tabs-alignment-center .elementor-tabs-wrapper{justify-content:center}.elementor-widget-tabs.elementor-tabs-alignment-end .elementor-tabs-wrapper{justify-content:flex-end}.elementor-widget-tabs.elementor-tabs-alignment-stretch.elementor-tabs-view-horizontal .elementor-tab-title{width:100%}.elementor-widget-tabs.elementor-tabs-alignment-stretch.elementor-tabs-view-vertical .elementor-tab-title{height:100%}.elementor-tabs .elementor-tab-mobile-title{display:none}}<\/style>\t\t<div class=\"elementor-tabs\">\n\t\t\t<div class=\"elementor-tabs-wrapper\" role=\"tablist\" >\n\t\t\t\t\t\t\t\t\t<div id=\"elementor-tab-title-2151\" class=\"elementor-tab-title elementor-tab-desktop-title\" aria-selected=\"true\" data-tab=\"1\" role=\"tab\" tabindex=\"0\" aria-controls=\"elementor-tab-content-2151\" aria-expanded=\"false\">Mitgef\u00fchl<\/div>\n\t\t\t\t\t\t\t\t\t<div id=\"elementor-tab-title-2152\" class=\"elementor-tab-title elementor-tab-desktop-title\" aria-selected=\"false\" data-tab=\"2\" role=\"tab\" tabindex=\"-1\" aria-controls=\"elementor-tab-content-2152\" aria-expanded=\"false\">Mut<\/div>\n\t\t\t\t\t\t\t\t\t<div id=\"elementor-tab-title-2153\" class=\"elementor-tab-title elementor-tab-desktop-title\" aria-selected=\"false\" data-tab=\"3\" role=\"tab\" tabindex=\"-1\" aria-controls=\"elementor-tab-content-2153\" aria-expanded=\"false\">Handeln<\/div>\n\t\t\t\t\t\t\t\t\t<div id=\"elementor-tab-title-2154\" class=\"elementor-tab-title elementor-tab-desktop-title\" aria-selected=\"false\" data-tab=\"4\" role=\"tab\" tabindex=\"-1\" aria-controls=\"elementor-tab-content-2154\" aria-expanded=\"false\">Reflektionen<\/div>\n\t\t\t\t\t\t\t\t\t<div id=\"elementor-tab-title-2155\" class=\"elementor-tab-title elementor-tab-desktop-title\" aria-selected=\"false\" data-tab=\"5\" role=\"tab\" tabindex=\"-1\" aria-controls=\"elementor-tab-content-2155\" aria-expanded=\"false\">Liebend<\/div>\n\t\t\t\t\t\t\t\t\t<div id=\"elementor-tab-title-2156\" class=\"elementor-tab-title elementor-tab-desktop-title\" aria-selected=\"false\" data-tab=\"6\" role=\"tab\" tabindex=\"-1\" aria-controls=\"elementor-tab-content-2156\" aria-expanded=\"false\">Hingabe<\/div>\n\t\t\t\t\t\t\t\t\t<div id=\"elementor-tab-title-2157\" class=\"elementor-tab-title elementor-tab-desktop-title\" aria-selected=\"false\" data-tab=\"7\" role=\"tab\" tabindex=\"-1\" aria-controls=\"elementor-tab-content-2157\" aria-expanded=\"false\">R\u00fcckblickend<\/div>\n\t\t\t\t\t\t\t\t\t<div id=\"elementor-tab-title-2158\" class=\"elementor-tab-title elementor-tab-desktop-title\" aria-selected=\"false\" data-tab=\"8\" role=\"tab\" tabindex=\"-1\" aria-controls=\"elementor-tab-content-2158\" aria-expanded=\"false\">Tanzen<\/div>\n\t\t\t\t\t\t\t\t\t<div id=\"elementor-tab-title-2159\" class=\"elementor-tab-title elementor-tab-desktop-title\" aria-selected=\"false\" data-tab=\"9\" role=\"tab\" tabindex=\"-1\" aria-controls=\"elementor-tab-content-2159\" aria-expanded=\"false\">Lehrer<\/div>\n\t\t\t\t\t\t\t<\/div>\n\t\t\t<div class=\"elementor-tabs-content-wrapper\" role=\"tablist\" aria-orientation=\"vertical\">\n\t\t\t\t\t\t\t\t\t<div class=\"elementor-tab-title elementor-tab-mobile-title\" aria-selected=\"true\" data-tab=\"1\" role=\"tab\" tabindex=\"0\" aria-controls=\"elementor-tab-content-2151\" aria-expanded=\"false\">Mitgef\u00fchl<\/div>\n\t\t\t\t\t<div id=\"elementor-tab-content-2151\" class=\"elementor-tab-content elementor-clearfix\" data-tab=\"1\" role=\"tabpanel\" aria-labelledby=\"elementor-tab-title-2151\" tabindex=\"0\" hidden=\"false\"><h3>Mitgef\u00fchl<\/h3><p>Jeder Mensch gibt nach seinen Konditionierungen und seinem K\u00f6nnen immer sein Bestes, um Situationen im Leben zu begegnen aus denen er sich im h\u00f6heren Sinne Gl\u00fcck, Erf\u00fcllung, Liebe verspricht. Auch wenn es vielleicht moralisch an die Grenzen geht, kann man f\u00fcr jeden Menschen Mitgef\u00fchl empfinden, unabh\u00e4ngig davon was er in seinem Leben getan hat, auch wenn es unangenehm ist. Jedoch entsteht durch Verst\u00e4ndnis &#8211; Mitgef\u00fchl &#8211; und dadurch mehr Menschlichkeit. Es macht unsere Welt heller, leichter und harmonischer. Konkret bedeutet es, dass wenn man jeden Menschen mit diesem Bewusstsein des Mitgef\u00fchls und Verstehens begegnet, es uns automatisch leichter f\u00e4llt, schwierige zwischenmenschliche Situationen zu durchdringen und somit zu verhindern, dass beispielsweise Hass, in Form von Vergeltung oder Rache auf uns \u00fcberspringt. Poetisch: Ein Akt der Liebe, auch f\u00fcr uns selbst.<\/p><\/div>\n\t\t\t\t\t\t\t\t\t<div class=\"elementor-tab-title elementor-tab-mobile-title\" aria-selected=\"false\" data-tab=\"2\" role=\"tab\" tabindex=\"-1\" aria-controls=\"elementor-tab-content-2152\" aria-expanded=\"false\">Mut<\/div>\n\t\t\t\t\t<div id=\"elementor-tab-content-2152\" class=\"elementor-tab-content elementor-clearfix\" data-tab=\"2\" role=\"tabpanel\" aria-labelledby=\"elementor-tab-title-2152\" tabindex=\"0\" hidden=\"hidden\"><h3>Mut<\/h3><p>Manchmal ist das Leben grausam &#8211; manchmal unbeschreiblich sch\u00f6n, die guten Dinge im Leben brauchen Zeit, die Kunst des Lebens ist es geduldig und willensstark zu bleiben wenn es hart wird und der Angst oder dem Schmerz liebevoll in die Augen zu blicken, anstatt sich abzulenken oder wegzurennen, um sie zu unterdr\u00fccken. Die Blockade existiert immer im Herzen und somit f\u00fchlt sich das Leben nicht sehr leicht an. Alles muss st\u00e4ndig kontrolliert werden. In Momenten in denen die Kontrolle aufgegeben wird, kommt alles Unterdr\u00fcckte wieder hoch, was zuerst ziemlich Angst machen kann aber eigentlich der normale Heilungsprozess ist&#8230; die W\u00e4hrung ist Mut und Achtsamkeit. Den Mutigen geh\u00f6rt die Welt.<\/p><\/div>\n\t\t\t\t\t\t\t\t\t<div class=\"elementor-tab-title elementor-tab-mobile-title\" aria-selected=\"false\" data-tab=\"3\" role=\"tab\" tabindex=\"-1\" aria-controls=\"elementor-tab-content-2153\" aria-expanded=\"false\">Handeln<\/div>\n\t\t\t\t\t<div id=\"elementor-tab-content-2153\" class=\"elementor-tab-content elementor-clearfix\" data-tab=\"3\" role=\"tabpanel\" aria-labelledby=\"elementor-tab-title-2153\" tabindex=\"0\" hidden=\"hidden\"><h3>Handeln<\/h3><p>Wir alle haben das Potential unendlich viel Gutes, Sch\u00f6nes und unendlich viel Negatives, Schlechtes zu tun. Ich finde es ist eine Entscheidung die mit Verantwortung beginnt. Verantwortung hei\u00dft genau hinzusehen, auch wenn es unbequem ist die Wahrheit und die Konsequenzen seiner Handlungen wahrzunehmen. Um Ver\u00e4nderung herbeizuf\u00fchren braucht es Mut, und Mut f\u00e4llt leichter mit Vertrauen. Vertrauen bekommt man, wenn man achtsam hinsieht, wer mit dem Herzen sieht, der sieht gut.<\/p><\/div>\n\t\t\t\t\t\t\t\t\t<div class=\"elementor-tab-title elementor-tab-mobile-title\" aria-selected=\"false\" data-tab=\"4\" role=\"tab\" tabindex=\"-1\" aria-controls=\"elementor-tab-content-2154\" aria-expanded=\"false\">Reflektionen<\/div>\n\t\t\t\t\t<div id=\"elementor-tab-content-2154\" class=\"elementor-tab-content elementor-clearfix\" data-tab=\"4\" role=\"tabpanel\" aria-labelledby=\"elementor-tab-title-2154\" tabindex=\"0\" hidden=\"hidden\"><h3>Reflektionen<\/h3><p>Das Innere spiegelt sich im \u00c4u\u00dferen, findest du im Inneren keinen tiefgr\u00fcndigen Frieden, wird auch die Welt nicht friedlich.<\/p><\/div>\n\t\t\t\t\t\t\t\t\t<div class=\"elementor-tab-title elementor-tab-mobile-title\" aria-selected=\"false\" data-tab=\"5\" role=\"tab\" tabindex=\"-1\" aria-controls=\"elementor-tab-content-2155\" aria-expanded=\"false\">Liebend<\/div>\n\t\t\t\t\t<div id=\"elementor-tab-content-2155\" class=\"elementor-tab-content elementor-clearfix\" data-tab=\"5\" role=\"tabpanel\" aria-labelledby=\"elementor-tab-title-2155\" tabindex=\"0\" hidden=\"hidden\"><h3>Liebend<\/h3><p>Absolute Hingabe mit dem Herzen&#8230;<\/p><\/div>\n\t\t\t\t\t\t\t\t\t<div class=\"elementor-tab-title elementor-tab-mobile-title\" aria-selected=\"false\" data-tab=\"6\" role=\"tab\" tabindex=\"-1\" aria-controls=\"elementor-tab-content-2156\" aria-expanded=\"false\">Hingabe<\/div>\n\t\t\t\t\t<div id=\"elementor-tab-content-2156\" class=\"elementor-tab-content elementor-clearfix\" data-tab=\"6\" role=\"tabpanel\" aria-labelledby=\"elementor-tab-title-2156\" tabindex=\"0\" hidden=\"hidden\"><h3>Hingabe<\/h3><p>Loslassen ist die schwierigste Aufgabe im Leben. An Dingen festzuhalten ist gegen die Natur, denk daran, dass wir alle in Liebe verbunden sind. Loslassen kann bedeuten aufzuh\u00f6ren, sich mit der Vergangenheit zu identifizieren, sich von Menschen, materiellen Dingen, Gedanken oder Pl\u00e4nen zu trennen. Sobald du verstanden hast, dass alles in diesem Universum in Liebe verbunden ist, ist es leichter f\u00fcr dich loszulassen. Es ist der nat\u00fcrliche Fluss des Lebens und ein Zeichen des Vertrauens. Was im Herzen ist, bleibt dort, es gibt keinen Ort oder Zeit.<\/p><\/div>\n\t\t\t\t\t\t\t\t\t<div class=\"elementor-tab-title elementor-tab-mobile-title\" aria-selected=\"false\" data-tab=\"7\" role=\"tab\" tabindex=\"-1\" aria-controls=\"elementor-tab-content-2157\" aria-expanded=\"false\">R\u00fcckblickend<\/div>\n\t\t\t\t\t<div id=\"elementor-tab-content-2157\" class=\"elementor-tab-content elementor-clearfix\" data-tab=\"7\" role=\"tabpanel\" aria-labelledby=\"elementor-tab-title-2157\" tabindex=\"0\" hidden=\"hidden\"><h3>R\u00fcckblickend<\/h3><p>Erfahrungen und deine Vergangenheit formen dich, aber definieren dich nicht.<\/p><\/div>\n\t\t\t\t\t\t\t\t\t<div class=\"elementor-tab-title elementor-tab-mobile-title\" aria-selected=\"false\" data-tab=\"8\" role=\"tab\" tabindex=\"-1\" aria-controls=\"elementor-tab-content-2158\" aria-expanded=\"false\">Tanzen<\/div>\n\t\t\t\t\t<div id=\"elementor-tab-content-2158\" class=\"elementor-tab-content elementor-clearfix\" data-tab=\"8\" role=\"tabpanel\" aria-labelledby=\"elementor-tab-title-2158\" tabindex=\"0\" hidden=\"hidden\"><h3>Tanzen<\/h3>\n<p>Wenn dich jemand verletzt, dann nimm es an und wachse.&nbsp;<\/p><\/div>\n\t\t\t\t\t\t\t\t\t<div class=\"elementor-tab-title elementor-tab-mobile-title\" aria-selected=\"false\" data-tab=\"9\" role=\"tab\" tabindex=\"-1\" aria-controls=\"elementor-tab-content-2159\" aria-expanded=\"false\">Lehrer<\/div>\n\t\t\t\t\t<div id=\"elementor-tab-content-2159\" class=\"elementor-tab-content elementor-clearfix\" data-tab=\"9\" role=\"tabpanel\" aria-labelledby=\"elementor-tab-title-2159\" tabindex=\"0\" hidden=\"hidden\"><h3>Lehrer<\/h3>\n<p>Es ist das Leben selbst, das dir alles beibringt.<\/p><\/div>\n\t\t\t\t\t\t\t<\/div>\n\t\t<\/div>\n\t\t\t\t<\/div>\n\t\t\t\t<\/div>\n\t\t\t\t\t<\/div>\n\t\t<\/div>\n\t\t\t\t\t\t\t<\/div>\n\t\t<\/section>\n\t\t\t\t<section class=\"elementor-section elementor-top-section elementor-element elementor-element-f38b38b elementor-section-boxed elementor-section-height-default elementor-section-height-default\" data-id=\"f38b38b\" data-element_type=\"section\">\n\t\t\t\t\t\t<div class=\"elementor-container elementor-column-gap-default\">\n\t\t\t\t\t<div class=\"elementor-column elementor-col-100 elementor-top-column elementor-element elementor-element-dfb4288\" data-id=\"dfb4288\" data-element_type=\"column\">\n\t\t\t<div class=\"elementor-widget-wrap elementor-element-populated\">\n\t\t\t\t\t\t\t\t<div class=\"elementor-element elementor-element-c123856 elementor-widget elementor-widget-spacer\" data-id=\"c123856\" data-element_type=\"widget\" data-widget_type=\"spacer.default\">\n\t\t\t\t<div class=\"elementor-widget-container\">\n\t\t\t<style>\/*! elementor - v3.14.0 - 26-06-2023 *\/\n.elementor-column .elementor-spacer-inner{height:var(--spacer-size)}.e-con{--container-widget-width:100%}.e-con-inner>.elementor-widget-spacer,.e-con>.elementor-widget-spacer{width:var(--container-widget-width,var(--spacer-size));--align-self:var(--container-widget-align-self,initial);--flex-shrink:0}.e-con-inner>.elementor-widget-spacer>.elementor-widget-container,.e-con-inner>.elementor-widget-spacer>.elementor-widget-container>.elementor-spacer,.e-con>.elementor-widget-spacer>.elementor-widget-container,.e-con>.elementor-widget-spacer>.elementor-widget-container>.elementor-spacer{height:100%}.e-con-inner>.elementor-widget-spacer>.elementor-widget-container>.elementor-spacer>.elementor-spacer-inner,.e-con>.elementor-widget-spacer>.elementor-widget-container>.elementor-spacer>.elementor-spacer-inner{height:var(--container-widget-height,var(--spacer-size))}<\/style>\t\t<div class=\"elementor-spacer\">\n\t\t\t<div class=\"elementor-spacer-inner\"><\/div>\n\t\t<\/div>\n\t\t\t\t<\/div>\n\t\t\t\t<\/div>\n\t\t\t\t<div class=\"elementor-element elementor-element-b257ad5 e-transform elementor-widget elementor-widget-text-editor\" data-id=\"b257ad5\" data-element_type=\"widget\" data-settings=\"{&quot;_transform_translateX_effect&quot;:{&quot;unit&quot;:&quot;px&quot;,&quot;size&quot;:26,&quot;sizes&quot;:[]},&quot;_transform_translateX_effect_tablet&quot;:{&quot;unit&quot;:&quot;px&quot;,&quot;size&quot;:&quot;&quot;,&quot;sizes&quot;:[]},&quot;_transform_translateX_effect_mobile&quot;:{&quot;unit&quot;:&quot;px&quot;,&quot;size&quot;:&quot;&quot;,&quot;sizes&quot;:[]},&quot;_transform_translateY_effect&quot;:{&quot;unit&quot;:&quot;px&quot;,&quot;size&quot;:&quot;&quot;,&quot;sizes&quot;:[]},&quot;_transform_translateY_effect_tablet&quot;:{&quot;unit&quot;:&quot;px&quot;,&quot;size&quot;:&quot;&quot;,&quot;sizes&quot;:[]},&quot;_transform_translateY_effect_mobile&quot;:{&quot;unit&quot;:&quot;px&quot;,&quot;size&quot;:&quot;&quot;,&quot;sizes&quot;:[]}}\" data-widget_type=\"text-editor.default\">\n\t\t\t\t<div class=\"elementor-widget-container\">\n\t\t\t<style>\/*! elementor - v3.14.0 - 26-06-2023 *\/\n.elementor-widget-text-editor.elementor-drop-cap-view-stacked .elementor-drop-cap{background-color:#69727d;color:#fff}.elementor-widget-text-editor.elementor-drop-cap-view-framed .elementor-drop-cap{color:#69727d;border:3px solid;background-color:transparent}.elementor-widget-text-editor:not(.elementor-drop-cap-view-default) .elementor-drop-cap{margin-top:8px}.elementor-widget-text-editor:not(.elementor-drop-cap-view-default) .elementor-drop-cap-letter{width:1em;height:1em}.elementor-widget-text-editor .elementor-drop-cap{float:left;text-align:center;line-height:1;font-size:50px}.elementor-widget-text-editor .elementor-drop-cap-letter{display:inline-block}<\/style>\t\t\t\t\t\t\t\t\t\t<\/div>\n\t\t\t\t<\/div>\n\t\t\t\t\t<\/div>\n\t\t<\/div>\n\t\t\t\t\t\t\t<\/div>\n\t\t<\/section>\n\t\t\t\t\t\t\t<\/div>\n\t\t","protected":false},"excerpt":{"rendered":"<p>Mitgef\u00fchl Mut Handeln Reflektionen Liebend Hingabe R\u00fcckblickend Tanzen Lehrer Mitgef\u00fchl Mitgef\u00fchl Jeder Mensch gibt nach seinen Konditionierungen und seinem K\u00f6nnen immer sein Bestes, um Situationen im Leben zu begegnen aus denen er sich im h\u00f6heren Sinne Gl\u00fcck, Erf\u00fcllung, Liebe verspricht. Auch wenn es vielleicht moralisch an die Grenzen geht, kann man f\u00fcr jeden Menschen Mitgef\u00fchl [&hellip;]<\/p>\n","protected":false},"author":1,"featured_media":0,"parent":0,"menu_order":0,"comment_status":"closed","ping_status":"closed","template":"elementor_header_footer","meta":{"footnotes":""},"class_list":["post-1281","page","type-page","status-publish","hentry","entry"],"yoast_head":"<!-- This site is optimized with the Yoast SEO plugin v20.11 - https:\/\/yoast.com\/wordpress\/plugins\/seo\/ -->\n<title>POEMS -<\/title>\n<meta name=\"description\" content=\"Lebenskunst.\" \/>\n<meta name=\"robots\" content=\"index, follow, max-snippet:-1, max-image-preview:large, max-video-preview:-1\" \/>\n<link rel=\"canonical\" href=\"https:\/\/www.theloveinyou.com\/de\/poems\/\" \/>\n<meta property=\"og:locale\" content=\"de_DE\" \/>\n<meta property=\"og:type\" content=\"article\" \/>\n<meta property=\"og:title\" content=\"POEMS -\" \/>\n<meta property=\"og:description\" content=\"Lebenskunst.\" \/>\n<meta property=\"og:url\" content=\"https:\/\/www.theloveinyou.com\/de\/poems\/\" \/>\n<meta property=\"article:modified_time\" content=\"2025-01-03T11:52:02+00:00\" \/>\n<meta name=\"twitter:card\" content=\"summary_large_image\" \/>\n<meta name=\"twitter:label1\" content=\"Gesch\u00e4tzte Lesezeit\" \/>\n\t<meta name=\"twitter:data1\" content=\"3\u00a0Minuten\" \/>\n<script type=\"application\/ld+json\" class=\"yoast-schema-graph\">{\"@context\":\"https:\/\/schema.org\",\"@graph\":[{\"@type\":\"WebPage\",\"@id\":\"https:\/\/www.theloveinyou.com\/de\/poems\/\",\"url\":\"https:\/\/www.theloveinyou.com\/de\/poems\/\",\"name\":\"POEMS -\",\"isPartOf\":{\"@id\":\"https:\/\/www.theloveinyou.com\/de\/#website\"},\"datePublished\":\"2021-10-04T15:32:48+00:00\",\"dateModified\":\"2025-01-03T11:52:02+00:00\",\"description\":\"Lebenskunst.\",\"breadcrumb\":{\"@id\":\"https:\/\/www.theloveinyou.com\/de\/poems\/#breadcrumb\"},\"inLanguage\":\"de\",\"potentialAction\":[{\"@type\":\"ReadAction\",\"target\":[\"https:\/\/www.theloveinyou.com\/de\/poems\/\"]}]},{\"@type\":\"BreadcrumbList\",\"@id\":\"https:\/\/www.theloveinyou.com\/de\/poems\/#breadcrumb\",\"itemListElement\":[{\"@type\":\"ListItem\",\"position\":1,\"name\":\"Home\",\"item\":\"https:\/\/www.theloveinyou.com\/de\/\"},{\"@type\":\"ListItem\",\"position\":2,\"name\":\"POEMS\"}]},{\"@type\":\"WebSite\",\"@id\":\"https:\/\/www.theloveinyou.com\/de\/#website\",\"url\":\"https:\/\/www.theloveinyou.com\/de\/\",\"name\":\"\",\"description\":\"Alles ist miteinander verbunden - Wir sind alles und nichts\\n\",\"potentialAction\":[{\"@type\":\"SearchAction\",\"target\":{\"@type\":\"EntryPoint\",\"urlTemplate\":\"https:\/\/www.theloveinyou.com\/de\/?s={search_term_string}\"},\"query-input\":\"required name=search_term_string\"}],\"inLanguage\":\"de\"}]}<\/script>\n<!-- \/ Yoast SEO plugin. -->","yoast_head_json":{"title":"POEMS -","description":"Lebenskunst.","robots":{"index":"index","follow":"follow","max-snippet":"max-snippet:-1","max-image-preview":"max-image-preview:large","max-video-preview":"max-video-preview:-1"},"canonical":"https:\/\/www.theloveinyou.com\/de\/poems\/","og_locale":"de_DE","og_type":"article","og_title":"POEMS -","og_description":"Lebenskunst.","og_url":"https:\/\/www.theloveinyou.com\/de\/poems\/","article_modified_time":"2025-01-03T11:52:02+00:00","twitter_card":"summary_large_image","twitter_misc":{"Gesch\u00e4tzte Lesezeit":"3\u00a0Minuten"},"schema":{"@context":"https:\/\/schema.org","@graph":[{"@type":"WebPage","@id":"https:\/\/www.theloveinyou.com\/de\/poems\/","url":"https:\/\/www.theloveinyou.com\/de\/poems\/","name":"POEMS -","isPartOf":{"@id":"https:\/\/www.theloveinyou.com\/de\/#website"},"datePublished":"2021-10-04T15:32:48+00:00","dateModified":"2025-01-03T11:52:02+00:00","description":"Lebenskunst.","breadcrumb":{"@id":"https:\/\/www.theloveinyou.com\/de\/poems\/#breadcrumb"},"inLanguage":"de","potentialAction":[{"@type":"ReadAction","target":["https:\/\/www.theloveinyou.com\/de\/poems\/"]}]},{"@type":"BreadcrumbList","@id":"https:\/\/www.theloveinyou.com\/de\/poems\/#breadcrumb","itemListElement":[{"@type":"ListItem","position":1,"name":"Home","item":"https:\/\/www.theloveinyou.com\/de\/"},{"@type":"ListItem","position":2,"name":"POEMS"}]},{"@type":"WebSite","@id":"https:\/\/www.theloveinyou.com\/de\/#website","url":"https:\/\/www.theloveinyou.com\/de\/","name":"","description":"Alles ist miteinander verbunden - Wir sind alles und nichts\n","potentialAction":[{"@type":"SearchAction","target":{"@type":"EntryPoint","urlTemplate":"https:\/\/www.theloveinyou.com\/de\/?s={search_term_string}"},"query-input":"required name=search_term_string"}],"inLanguage":"de"}]}},"jetpack_sharing_enabled":true,"_links":{"self":[{"href":"https:\/\/www.theloveinyou.com\/de\/wp-json\/wp\/v2\/pages\/1281","targetHints":{"allow":["GET"]}}],"collection":[{"href":"https:\/\/www.theloveinyou.com\/de\/wp-json\/wp\/v2\/pages"}],"about":[{"href":"https:\/\/www.theloveinyou.com\/de\/wp-json\/wp\/v2\/types\/page"}],"author":[{"embeddable":true,"href":"https:\/\/www.theloveinyou.com\/de\/wp-json\/wp\/v2\/users\/1"}],"replies":[{"embeddable":true,"href":"https:\/\/www.theloveinyou.com\/de\/wp-json\/wp\/v2\/comments?post=1281"}],"version-history":[{"count":94,"href":"https:\/\/www.theloveinyou.com\/de\/wp-json\/wp\/v2\/pages\/1281\/revisions"}],"predecessor-version":[{"id":4042,"href":"https:\/\/www.theloveinyou.com\/de\/wp-json\/wp\/v2\/pages\/1281\/revisions\/4042"}],"wp:attachment":[{"href":"https:\/\/www.theloveinyou.com\/de\/wp-json\/wp\/v2\/media?parent=1281"}],"curies":[{"name":"wp","href":"https:\/\/api.w.org\/{rel}","templated":true}]}}