{"id":1202,"date":"2021-10-04T16:25:23","date_gmt":"2021-10-04T14:25:23","guid":{"rendered":"https:\/\/www.theloveinyou.com\/der-weg\/"},"modified":"2024-12-14T11:08:30","modified_gmt":"2024-12-14T09:08:30","slug":"beginn-der-reise","status":"publish","type":"page","link":"https:\/\/www.theloveinyou.com\/de\/beginn-der-reise\/","title":{"rendered":"Beginn der Reise"},"content":{"rendered":"\t\t<div data-elementor-type=\"wp-page\" data-elementor-id=\"1202\" class=\"elementor elementor-1202 elementor-22\">\n\t\t\t\t\t\t\t\t\t<section class=\"elementor-section elementor-top-section elementor-element elementor-element-f62d252 elementor-section-boxed elementor-section-height-default elementor-section-height-default\" data-id=\"f62d252\" data-element_type=\"section\">\n\t\t\t\t\t\t<div class=\"elementor-container elementor-column-gap-default\">\n\t\t\t\t\t<div class=\"elementor-column elementor-col-100 elementor-top-column elementor-element elementor-element-b67304b\" data-id=\"b67304b\" data-element_type=\"column\">\n\t\t\t<div class=\"elementor-widget-wrap elementor-element-populated\">\n\t\t\t\t\t\t\t\t<div class=\"elementor-element elementor-element-13bc221 e-transform elementor-widget elementor-widget-heading\" data-id=\"13bc221\" data-element_type=\"widget\" data-settings=\"{&quot;_transform_translateX_effect&quot;:{&quot;unit&quot;:&quot;px&quot;,&quot;size&quot;:-40,&quot;sizes&quot;:[]},&quot;_transform_translateX_effect_mobile&quot;:{&quot;unit&quot;:&quot;px&quot;,&quot;size&quot;:0,&quot;sizes&quot;:[]},&quot;_transform_translateX_effect_tablet&quot;:{&quot;unit&quot;:&quot;px&quot;,&quot;size&quot;:&quot;&quot;,&quot;sizes&quot;:[]},&quot;_transform_translateY_effect&quot;:{&quot;unit&quot;:&quot;px&quot;,&quot;size&quot;:&quot;&quot;,&quot;sizes&quot;:[]},&quot;_transform_translateY_effect_tablet&quot;:{&quot;unit&quot;:&quot;px&quot;,&quot;size&quot;:&quot;&quot;,&quot;sizes&quot;:[]},&quot;_transform_translateY_effect_mobile&quot;:{&quot;unit&quot;:&quot;px&quot;,&quot;size&quot;:&quot;&quot;,&quot;sizes&quot;:[]}}\" data-widget_type=\"heading.default\">\n\t\t\t\t<div class=\"elementor-widget-container\">\n\t\t\t<style>\/*! elementor - v3.14.0 - 26-06-2023 *\/\n.elementor-heading-title{padding:0;margin:0;line-height:1}.elementor-widget-heading .elementor-heading-title[class*=elementor-size-]>a{color:inherit;font-size:inherit;line-height:inherit}.elementor-widget-heading .elementor-heading-title.elementor-size-small{font-size:15px}.elementor-widget-heading .elementor-heading-title.elementor-size-medium{font-size:19px}.elementor-widget-heading .elementor-heading-title.elementor-size-large{font-size:29px}.elementor-widget-heading .elementor-heading-title.elementor-size-xl{font-size:39px}.elementor-widget-heading .elementor-heading-title.elementor-size-xxl{font-size:59px}<\/style><h2 class=\"elementor-heading-title elementor-size-default\">Erste Schritte<\/h2>\t\t<\/div>\n\t\t\t\t<\/div>\n\t\t\t\t<div class=\"elementor-element elementor-element-7df0d07 elementor-widget elementor-widget-text-editor\" data-id=\"7df0d07\" data-element_type=\"widget\" data-widget_type=\"text-editor.default\">\n\t\t\t\t<div class=\"elementor-widget-container\">\n\t\t\t<style>\/*! elementor - v3.14.0 - 26-06-2023 *\/\n.elementor-widget-text-editor.elementor-drop-cap-view-stacked .elementor-drop-cap{background-color:#69727d;color:#fff}.elementor-widget-text-editor.elementor-drop-cap-view-framed .elementor-drop-cap{color:#69727d;border:3px solid;background-color:transparent}.elementor-widget-text-editor:not(.elementor-drop-cap-view-default) .elementor-drop-cap{margin-top:8px}.elementor-widget-text-editor:not(.elementor-drop-cap-view-default) .elementor-drop-cap-letter{width:1em;height:1em}.elementor-widget-text-editor .elementor-drop-cap{float:left;text-align:center;line-height:1;font-size:50px}.elementor-widget-text-editor .elementor-drop-cap-letter{display:inline-block}<\/style>\t\t\t\t<p>Wer lebt dein Leben? Du oder dein Unterbewusstsein? Die meisten Menschen wissen nicht, dass sie gr\u00f6\u00dftenteils unbewusst im Leben reagieren und nicht bewusst eine Entscheidung treffen k\u00f6nnen. Wir handeln nach Gedankenmustern, Glaubenss\u00e4tzen und Blockaden, schr\u00e4nken unser Leben dadurch enorm ein, werden krank und viel Leid wird dadurch verursacht. Zudem k\u00f6nnen wir unser wahres Selbst nicht entfalten. Der Weg der Liebe ist ein Weg, bei dem man Schritt f\u00fcr Schritt die alten Muster, Glaubenss\u00e4tze und Blockaden beiseite r\u00e4umt und damit den Weg f\u00fcr ein selbstbestimmtes Leben in wahrer Freiheit und absoluter Erf\u00fcllung frei macht. Erf\u00fcllung bedeutet auch Freiheit von Abh\u00e4ngigkeiten, der Weg kann folglich nur einer sein, indem man die F\u00fclle in jedem Moment findet.\u00a0<span style=\"font-size: 19px; letter-spacing: 0.6px;\">Der Weg der Liebe f\u00fchrt ins eigene Herz, dort findet man heraus wer man wirklich ist, mehr Sinn geht nicht. Die Arbeit daf\u00fcr musst du selbst erledigen und kann dir kein anderer Mensch abnehmen, denn nur dadurch erweitert sich dein Bewusstsein, du wirst selbstsicherer und dein eigener Heiler. Ich kann dich lediglich inspirieren und dir \u00dcbungen zeigen, wie du deine Selbstwahrnehmung st\u00e4rkst, es ist unglaublich wertvoll und wichtig, dass man selbst diese Erkenntnisse erh\u00e4lt. Das st\u00e4rkt das Vertrauen in die Selbstarbeit und l\u00e4sst einen schneller voranschreiten. \u00a0Es ist ein Weg der Wahrheit, der absolute Bereitschaft, Hingabe und Mut erfordert, doch es lohnt sich, denn im Gegenzug erf\u00e4hrst du was es bedeutet wirklich am Leben zu sein. Dar\u00fcber hinaus lernst du, wie alles miteinander verbunden ist und bekommst ein ganzheitliches Verst\u00e4ndnis vom Leben. Ich will dich mit meinem Weg und meinem vollen Sein inspirieren.<\/span><\/p>\t\t\t\t\t\t<\/div>\n\t\t\t\t<\/div>\n\t\t\t\t\t<\/div>\n\t\t<\/div>\n\t\t\t\t\t\t\t<\/div>\n\t\t<\/section>\n\t\t\t\t<section class=\"elementor-section elementor-top-section elementor-element elementor-element-b113394 elementor-section-boxed elementor-section-height-default elementor-section-height-default\" data-id=\"b113394\" data-element_type=\"section\">\n\t\t\t\t\t\t<div class=\"elementor-container elementor-column-gap-default\">\n\t\t\t\t\t<div class=\"elementor-column elementor-col-100 elementor-top-column elementor-element elementor-element-ba3b6cb\" data-id=\"ba3b6cb\" data-element_type=\"column\">\n\t\t\t<div class=\"elementor-widget-wrap elementor-element-populated\">\n\t\t\t\t\t\t\t\t<div class=\"elementor-element elementor-element-3a7f7f9 e-transform elementor-widget elementor-widget-heading\" data-id=\"3a7f7f9\" data-element_type=\"widget\" data-settings=\"{&quot;_transform_translateX_effect&quot;:{&quot;unit&quot;:&quot;px&quot;,&quot;size&quot;:-40,&quot;sizes&quot;:[]},&quot;_transform_translateX_effect_mobile&quot;:{&quot;unit&quot;:&quot;px&quot;,&quot;size&quot;:0,&quot;sizes&quot;:[]},&quot;_transform_translateX_effect_tablet&quot;:{&quot;unit&quot;:&quot;px&quot;,&quot;size&quot;:&quot;&quot;,&quot;sizes&quot;:[]},&quot;_transform_translateY_effect&quot;:{&quot;unit&quot;:&quot;px&quot;,&quot;size&quot;:&quot;&quot;,&quot;sizes&quot;:[]},&quot;_transform_translateY_effect_tablet&quot;:{&quot;unit&quot;:&quot;px&quot;,&quot;size&quot;:&quot;&quot;,&quot;sizes&quot;:[]},&quot;_transform_translateY_effect_mobile&quot;:{&quot;unit&quot;:&quot;px&quot;,&quot;size&quot;:&quot;&quot;,&quot;sizes&quot;:[]}}\" data-widget_type=\"heading.default\">\n\t\t\t\t<div class=\"elementor-widget-container\">\n\t\t\t<h2 class=\"elementor-heading-title elementor-size-default\">Philosophie<\/h2>\t\t<\/div>\n\t\t\t\t<\/div>\n\t\t\t\t<div class=\"elementor-element elementor-element-d4dde83 elementor-widget elementor-widget-text-editor\" data-id=\"d4dde83\" data-element_type=\"widget\" data-widget_type=\"text-editor.default\">\n\t\t\t\t<div class=\"elementor-widget-container\">\n\t\t\t\t\t\t\t<p>Meine Philosophie hei\u00dft Selbstverantwortung. Wir alle haben die Macht und Kraft in uns, unser Leben so zu gestalten, wie es uns beliebt. Aus eigener Erfahrung wei\u00df ich, wie stark Glaubenss\u00e4tze, Traumas, Gedankenmuster und Dogmen sind. Wer wirklich frei sein will, muss sich jedoch davon l\u00f6sen, nur so kommen wir in unsere wahre Kraft, hier beginnt ein neues Leben. Jeder Mensch hat besondere Gaben, die er mit der Welt teilen kann. Unsere gesellschaftlichen Strukturen sind einfach nicht daf\u00fcr gemacht, dieses Geschenk zu entdecken und folglich auszuleben. Wir alle tragen diese Wahrheit im Herzen und nur wenige Menschen sind mutig genug dieser Wahrheit zu folgen. Ich trage das Wissen in mir, dass sobald alle Menschen ihre Herzenswahrheit ausleben k\u00f6nnen, automatisch eine wundersch\u00f6ne Harmonie in der Welt entsteht. Der Weg der Liebe beschreibt den Weg des Herzens und f\u00fchrt zur absoluten Erf\u00fcllung. Sei also mutig und entdecke deine eigenen Antworten, entdecke dein wahres Selbst und lebe deine Wahrheit. Der Verstand ist ein guter Diener, das Herz ist ein guter Meister.<\/p>\t\t\t\t\t\t<\/div>\n\t\t\t\t<\/div>\n\t\t\t\t<div class=\"elementor-element elementor-element-c665e3a elementor-widget elementor-widget-spacer\" data-id=\"c665e3a\" data-element_type=\"widget\" data-widget_type=\"spacer.default\">\n\t\t\t\t<div class=\"elementor-widget-container\">\n\t\t\t<style>\/*! elementor - v3.14.0 - 26-06-2023 *\/\n.elementor-column .elementor-spacer-inner{height:var(--spacer-size)}.e-con{--container-widget-width:100%}.e-con-inner>.elementor-widget-spacer,.e-con>.elementor-widget-spacer{width:var(--container-widget-width,var(--spacer-size));--align-self:var(--container-widget-align-self,initial);--flex-shrink:0}.e-con-inner>.elementor-widget-spacer>.elementor-widget-container,.e-con-inner>.elementor-widget-spacer>.elementor-widget-container>.elementor-spacer,.e-con>.elementor-widget-spacer>.elementor-widget-container,.e-con>.elementor-widget-spacer>.elementor-widget-container>.elementor-spacer{height:100%}.e-con-inner>.elementor-widget-spacer>.elementor-widget-container>.elementor-spacer>.elementor-spacer-inner,.e-con>.elementor-widget-spacer>.elementor-widget-container>.elementor-spacer>.elementor-spacer-inner{height:var(--container-widget-height,var(--spacer-size))}<\/style>\t\t<div class=\"elementor-spacer\">\n\t\t\t<div class=\"elementor-spacer-inner\"><\/div>\n\t\t<\/div>\n\t\t\t\t<\/div>\n\t\t\t\t<\/div>\n\t\t\t\t<div class=\"elementor-element elementor-element-e4f46ef zlp_no_bottom_gap elementor-widget elementor-widget-text-editor\" data-id=\"e4f46ef\" data-element_type=\"widget\" data-widget_type=\"text-editor.default\">\n\t\t\t\t<div class=\"elementor-widget-container\">\n\t\t\t\t\t\t\t<p><em>The western world is not designed for developing the human spirit. Ich meine, wir haben nicht wirklich Zeit im Leben f\u00fcr die wirklich wichtigen Fragen, wie &#8211;<\/em><\/p><p>Wer bin ich wirklich? Warum sind wir eigentlich hier? Was ist unsere Seelenaufgabe? Wie f\u00fchlt sich wahre Erf\u00fcllung an?<\/p>\t\t\t\t\t\t<\/div>\n\t\t\t\t<\/div>\n\t\t\t\t<div class=\"elementor-element elementor-element-5deb39d elementor-widget elementor-widget-spacer\" data-id=\"5deb39d\" data-element_type=\"widget\" data-widget_type=\"spacer.default\">\n\t\t\t\t<div class=\"elementor-widget-container\">\n\t\t\t\t\t<div class=\"elementor-spacer\">\n\t\t\t<div class=\"elementor-spacer-inner\"><\/div>\n\t\t<\/div>\n\t\t\t\t<\/div>\n\t\t\t\t<\/div>\n\t\t\t\t<div class=\"elementor-element elementor-element-6d752c9 elementor-widget elementor-widget-text-editor\" data-id=\"6d752c9\" data-element_type=\"widget\" data-widget_type=\"text-editor.default\">\n\t\t\t\t<div class=\"elementor-widget-container\">\n\t\t\t\t\t\t\t<p>Die Beantwortung dieser Fragen braucht Zeit, Weisheit, Stille, Verbundenheit mit der Natur &#8211; all das haben wir nicht wirklich in unserer Gesellschaft. Wir sind darauf konditioniert in das System zu passen, um erreichbar und profitabel zu sein. Stress, Hektik, Sorgen und Angst bestimmen unseren Alltag und unser Wert in der Gesellschaft bel\u00e4uft sich auf unsere Produktivit\u00e4t. Wir tragen alle den Spirit bereits in uns, uns umeinander zu k\u00fcmmern, tief in uns, wissen wir bereits, dass alles miteinander verbunden und eins ist. Wir alle kommen aus der selben Quelle und gehen dort wieder zur\u00fcck, wir leben alle unter der gleichen Sonne. Es gibt auch keine Schuld, denn jeder Mensch handelt in jedem Moment nach seinem besten K\u00f6nnen, wobei er sich im h\u00f6heren Sinne, Freude, Erf\u00fcllung und Liebe verspricht. Wie will ich denn folglich \u00fcber jemand anderes urteilen, wenn ich rein gar nichts \u00fcber diesen Menschen wissen kann. Es sind unendlich viele Faktoren, die diesen Menschen in seinem Handeln beeinflussen, dessen er sich gr\u00f6\u00dftenteils nicht einmal selbst bewusst ist. Wenn ich das begreife, komme ich zu dem Schluss, dass ich rein gar nichts wei\u00df, wie auch schon Sokrates mit den Worten \u00bbich wei\u00df, dass ich nichts wei\u00df\u00ab erkannte. Genau hier beginnt der Weg &#8230;<\/p>\t\t\t\t\t\t<\/div>\n\t\t\t\t<\/div>\n\t\t\t\t\t<\/div>\n\t\t<\/div>\n\t\t\t\t\t\t\t<\/div>\n\t\t<\/section>\n\t\t\t\t<section class=\"elementor-section elementor-top-section elementor-element elementor-element-0e0dae9 elementor-section-boxed elementor-section-height-default elementor-section-height-default\" data-id=\"0e0dae9\" data-element_type=\"section\">\n\t\t\t\t\t\t<div class=\"elementor-container elementor-column-gap-default\">\n\t\t\t\t\t<div class=\"elementor-column elementor-col-100 elementor-top-column elementor-element elementor-element-aa85730\" data-id=\"aa85730\" data-element_type=\"column\">\n\t\t\t<div class=\"elementor-widget-wrap elementor-element-populated\">\n\t\t\t\t\t\t\t\t<div class=\"elementor-element elementor-element-699dfd8 e-transform elementor-widget elementor-widget-heading\" data-id=\"699dfd8\" data-element_type=\"widget\" data-settings=\"{&quot;_transform_translateX_effect&quot;:{&quot;unit&quot;:&quot;px&quot;,&quot;size&quot;:-40,&quot;sizes&quot;:[]},&quot;_transform_translateX_effect_mobile&quot;:{&quot;unit&quot;:&quot;px&quot;,&quot;size&quot;:0,&quot;sizes&quot;:[]},&quot;_transform_translateX_effect_tablet&quot;:{&quot;unit&quot;:&quot;px&quot;,&quot;size&quot;:&quot;&quot;,&quot;sizes&quot;:[]},&quot;_transform_translateY_effect&quot;:{&quot;unit&quot;:&quot;px&quot;,&quot;size&quot;:&quot;&quot;,&quot;sizes&quot;:[]},&quot;_transform_translateY_effect_tablet&quot;:{&quot;unit&quot;:&quot;px&quot;,&quot;size&quot;:&quot;&quot;,&quot;sizes&quot;:[]},&quot;_transform_translateY_effect_mobile&quot;:{&quot;unit&quot;:&quot;px&quot;,&quot;size&quot;:&quot;&quot;,&quot;sizes&quot;:[]}}\" data-widget_type=\"heading.default\">\n\t\t\t\t<div class=\"elementor-widget-container\">\n\t\t\t<h2 class=\"elementor-heading-title elementor-size-default\">Achtsamkeit<\/h2>\t\t<\/div>\n\t\t\t\t<\/div>\n\t\t\t\t<div class=\"elementor-element elementor-element-6e73634 elementor-widget elementor-widget-text-editor\" data-id=\"6e73634\" data-element_type=\"widget\" data-widget_type=\"text-editor.default\">\n\t\t\t\t<div class=\"elementor-widget-container\">\n\t\t\t\t\t\t\t<p>Alles ist Energie &#8211; Worte, Gedanken, Gef\u00fchle, Taten &#8211; alles. Je mehr unser Sinn f\u00fcr die Energien geschult ist, desto besser k\u00f6nnen wir uns vor Energien sch\u00fctzen, die uns nicht guttun und die Dinge kultivieren, die gut f\u00fcr unser Wohlergehen sind.\u00a0<span style=\"font-size: 19px; letter-spacing: 0.2px;\">Wenn wir lernen Energien wahrzunehmen und zu erkennen, wo sie auch in subtilen Formen wirken, werden wir immer bewusster. Dies ist ein Prozess, mit dem wir \u00fcber die Zeit lernen, unsere Energie weiser einzusetzen, wir treffen verantwortungsbewusstere Entscheidungen, weil wir die Auswirkungen besser absehen k\u00f6nnen.<\/span><\/p>\t\t\t\t\t\t<\/div>\n\t\t\t\t<\/div>\n\t\t\t\t<div class=\"elementor-element elementor-element-c68c639 zlp_no_bottom_gap elementor-widget elementor-widget-text-editor\" data-id=\"c68c639\" data-element_type=\"widget\" data-widget_type=\"text-editor.default\">\n\t\t\t\t<div class=\"elementor-widget-container\">\n\t\t\t\t\t\t\t<p style=\"text-align: left;\"><em>So sch\u00fctzen wir uns, unsere Mitmenschen und die Natur.<\/em><\/p>\n\t\t\t\t\t\t<\/div>\n\t\t\t\t<\/div>\n\t\t\t\t<div class=\"elementor-element elementor-element-6f390f8 elementor-widget elementor-widget-text-editor\" data-id=\"6f390f8\" data-element_type=\"widget\" data-widget_type=\"text-editor.default\">\n\t\t\t\t<div class=\"elementor-widget-container\">\n\t\t\t\t\t\t\t<p>Es gibt energetische Gesetze im Universum, sobald du verstehst wie sie wirken, kannst du sie zu deinem Vorteil nutzen und f\u00e4ngst an die Welt mit neuen Augen zu sehen. Das Gesetz der Ressonanz beispielsweise, zieht genau das in dein Leben, was du unterbewusst und bewusst manifestierst, indem du es denkst, f\u00fchlst, oder es anderweitig von dir ausstrahlt. Umso achtsamer du wirst, desto mehr wirst du dir deiner Selbstverantwortung bewusst und davor schrecken auch verst\u00e4ndlicherweis<span style=\"font-size: 19px; letter-spacing: 0.6px;\">e viele zur\u00fcck!<\/span><\/p><p>Achtsamkeit ist eine Menge Arbeit und f\u00e4ngt an mit der bewussten Entscheidung zu wachsen und Verantwortung f\u00fcr sein Leben und seine Energien zu \u00fcbernehmen. Ich kann dich mit \u00dcbungen und meinem Weg inspirieren achtsamer mit den Energien zu werden. Diese Tools sind universell und man kann sie jederzeit und \u00fcberall verwenden, sodass du von niemanden abh\u00e4ngig bist und bleibst. Alles, was du dazu brauchst ist ein starker Wille und Mut, denn die Wahrheit kann sehr schmerzhaft sein, doch es lohnt sich immer, so wirst du Schritt f\u00fcr Schritt selbstsicherer auf dem Weg in dein selbstbestimmtes, erf\u00fclltes Leben.<\/p>\t\t\t\t\t\t<\/div>\n\t\t\t\t<\/div>\n\t\t\t\t\t<\/div>\n\t\t<\/div>\n\t\t\t\t\t\t\t<\/div>\n\t\t<\/section>\n\t\t\t\t\t\t\t<\/div>\n\t\t","protected":false},"excerpt":{"rendered":"<p>Erste Schritte Wer lebt dein Leben? Du oder dein Unterbewusstsein? Die meisten Menschen wissen nicht, dass sie gr\u00f6\u00dftenteils unbewusst im Leben reagieren und nicht bewusst eine Entscheidung treffen k\u00f6nnen. Wir handeln nach Gedankenmustern, Glaubenss\u00e4tzen und Blockaden, schr\u00e4nken unser Leben dadurch enorm ein, werden krank und viel Leid wird dadurch verursacht. Zudem k\u00f6nnen wir unser wahres [&hellip;]<\/p>\n","protected":false},"author":1,"featured_media":0,"parent":0,"menu_order":0,"comment_status":"closed","ping_status":"closed","template":"elementor_header_footer","meta":{"footnotes":""},"class_list":["post-1202","page","type-page","status-publish","hentry","entry"],"yoast_head":"<!-- This site is optimized with the Yoast SEO plugin v20.11 - https:\/\/yoast.com\/wordpress\/plugins\/seo\/ -->\n<title>Beginn der Reise -<\/title>\n<meta name=\"description\" content=\"Der Weg der Liebe zeigt dir den Weg zu absoluter Freiheit und Liebe. M\u00f6ge deine Reise genau jetzt beginnen.\" \/>\n<meta name=\"robots\" content=\"index, follow, max-snippet:-1, max-image-preview:large, max-video-preview:-1\" \/>\n<link rel=\"canonical\" href=\"https:\/\/www.theloveinyou.com\/de\/beginn-der-reise\/\" \/>\n<meta property=\"og:locale\" content=\"de_DE\" \/>\n<meta property=\"og:type\" content=\"article\" \/>\n<meta property=\"og:title\" content=\"Beginn der Reise -\" \/>\n<meta property=\"og:description\" content=\"Der Weg der Liebe zeigt dir den Weg zu absoluter Freiheit und Liebe. M\u00f6ge deine Reise genau jetzt beginnen.\" \/>\n<meta property=\"og:url\" content=\"https:\/\/www.theloveinyou.com\/de\/beginn-der-reise\/\" \/>\n<meta property=\"article:modified_time\" content=\"2024-12-14T09:08:30+00:00\" \/>\n<meta name=\"twitter:card\" content=\"summary_large_image\" \/>\n<meta name=\"twitter:label1\" content=\"Gesch\u00e4tzte Lesezeit\" \/>\n\t<meta name=\"twitter:data1\" content=\"6\u00a0Minuten\" \/>\n<script type=\"application\/ld+json\" class=\"yoast-schema-graph\">{\"@context\":\"https:\/\/schema.org\",\"@graph\":[{\"@type\":\"WebPage\",\"@id\":\"https:\/\/www.theloveinyou.com\/de\/beginn-der-reise\/\",\"url\":\"https:\/\/www.theloveinyou.com\/de\/beginn-der-reise\/\",\"name\":\"Beginn der Reise -\",\"isPartOf\":{\"@id\":\"https:\/\/www.theloveinyou.com\/de\/#website\"},\"datePublished\":\"2021-10-04T14:25:23+00:00\",\"dateModified\":\"2024-12-14T09:08:30+00:00\",\"description\":\"Der Weg der Liebe zeigt dir den Weg zu absoluter Freiheit und Liebe. M\u00f6ge deine Reise genau jetzt beginnen.\",\"breadcrumb\":{\"@id\":\"https:\/\/www.theloveinyou.com\/de\/beginn-der-reise\/#breadcrumb\"},\"inLanguage\":\"de\",\"potentialAction\":[{\"@type\":\"ReadAction\",\"target\":[\"https:\/\/www.theloveinyou.com\/de\/beginn-der-reise\/\"]}]},{\"@type\":\"BreadcrumbList\",\"@id\":\"https:\/\/www.theloveinyou.com\/de\/beginn-der-reise\/#breadcrumb\",\"itemListElement\":[{\"@type\":\"ListItem\",\"position\":1,\"name\":\"Home\",\"item\":\"https:\/\/www.theloveinyou.com\/de\/\"},{\"@type\":\"ListItem\",\"position\":2,\"name\":\"Beginn der Reise\"}]},{\"@type\":\"WebSite\",\"@id\":\"https:\/\/www.theloveinyou.com\/de\/#website\",\"url\":\"https:\/\/www.theloveinyou.com\/de\/\",\"name\":\"\",\"description\":\"Alles ist miteinander verbunden - Wir sind alles und nichts\\n\",\"potentialAction\":[{\"@type\":\"SearchAction\",\"target\":{\"@type\":\"EntryPoint\",\"urlTemplate\":\"https:\/\/www.theloveinyou.com\/de\/?s={search_term_string}\"},\"query-input\":\"required name=search_term_string\"}],\"inLanguage\":\"de\"}]}<\/script>\n<!-- \/ Yoast SEO plugin. -->","yoast_head_json":{"title":"Beginn der Reise -","description":"Der Weg der Liebe zeigt dir den Weg zu absoluter Freiheit und Liebe. M\u00f6ge deine Reise genau jetzt beginnen.","robots":{"index":"index","follow":"follow","max-snippet":"max-snippet:-1","max-image-preview":"max-image-preview:large","max-video-preview":"max-video-preview:-1"},"canonical":"https:\/\/www.theloveinyou.com\/de\/beginn-der-reise\/","og_locale":"de_DE","og_type":"article","og_title":"Beginn der Reise -","og_description":"Der Weg der Liebe zeigt dir den Weg zu absoluter Freiheit und Liebe. M\u00f6ge deine Reise genau jetzt beginnen.","og_url":"https:\/\/www.theloveinyou.com\/de\/beginn-der-reise\/","article_modified_time":"2024-12-14T09:08:30+00:00","twitter_card":"summary_large_image","twitter_misc":{"Gesch\u00e4tzte Lesezeit":"6\u00a0Minuten"},"schema":{"@context":"https:\/\/schema.org","@graph":[{"@type":"WebPage","@id":"https:\/\/www.theloveinyou.com\/de\/beginn-der-reise\/","url":"https:\/\/www.theloveinyou.com\/de\/beginn-der-reise\/","name":"Beginn der Reise -","isPartOf":{"@id":"https:\/\/www.theloveinyou.com\/de\/#website"},"datePublished":"2021-10-04T14:25:23+00:00","dateModified":"2024-12-14T09:08:30+00:00","description":"Der Weg der Liebe zeigt dir den Weg zu absoluter Freiheit und Liebe. M\u00f6ge deine Reise genau jetzt beginnen.","breadcrumb":{"@id":"https:\/\/www.theloveinyou.com\/de\/beginn-der-reise\/#breadcrumb"},"inLanguage":"de","potentialAction":[{"@type":"ReadAction","target":["https:\/\/www.theloveinyou.com\/de\/beginn-der-reise\/"]}]},{"@type":"BreadcrumbList","@id":"https:\/\/www.theloveinyou.com\/de\/beginn-der-reise\/#breadcrumb","itemListElement":[{"@type":"ListItem","position":1,"name":"Home","item":"https:\/\/www.theloveinyou.com\/de\/"},{"@type":"ListItem","position":2,"name":"Beginn der Reise"}]},{"@type":"WebSite","@id":"https:\/\/www.theloveinyou.com\/de\/#website","url":"https:\/\/www.theloveinyou.com\/de\/","name":"","description":"Alles ist miteinander verbunden - Wir sind alles und nichts\n","potentialAction":[{"@type":"SearchAction","target":{"@type":"EntryPoint","urlTemplate":"https:\/\/www.theloveinyou.com\/de\/?s={search_term_string}"},"query-input":"required name=search_term_string"}],"inLanguage":"de"}]}},"jetpack_sharing_enabled":true,"_links":{"self":[{"href":"https:\/\/www.theloveinyou.com\/de\/wp-json\/wp\/v2\/pages\/1202","targetHints":{"allow":["GET"]}}],"collection":[{"href":"https:\/\/www.theloveinyou.com\/de\/wp-json\/wp\/v2\/pages"}],"about":[{"href":"https:\/\/www.theloveinyou.com\/de\/wp-json\/wp\/v2\/types\/page"}],"author":[{"embeddable":true,"href":"https:\/\/www.theloveinyou.com\/de\/wp-json\/wp\/v2\/users\/1"}],"replies":[{"embeddable":true,"href":"https:\/\/www.theloveinyou.com\/de\/wp-json\/wp\/v2\/comments?post=1202"}],"version-history":[{"count":132,"href":"https:\/\/www.theloveinyou.com\/de\/wp-json\/wp\/v2\/pages\/1202\/revisions"}],"predecessor-version":[{"id":3944,"href":"https:\/\/www.theloveinyou.com\/de\/wp-json\/wp\/v2\/pages\/1202\/revisions\/3944"}],"wp:attachment":[{"href":"https:\/\/www.theloveinyou.com\/de\/wp-json\/wp\/v2\/media?parent=1202"}],"curies":[{"name":"wp","href":"https:\/\/api.w.org\/{rel}","templated":true}]}}